{"id":37925,"date":"2025-11-24T15:20:40","date_gmt":"2025-11-24T15:20:40","guid":{"rendered":"https:\/\/paradesoliviers.com\/product\/svr-sun-secure-ecran-solaire-mineral-teinte-peaux-normales-a-mixtes-spf50\/"},"modified":"2025-11-30T13:00:20","modified_gmt":"2025-11-30T13:00:20","slug":"svr-sun-secure-ecran-solaire-mineral-teinte-peaux-normales-a-mixtes-spf50","status":"publish","type":"product","link":"https:\/\/paradesoliviers.com\/ar_ar\/product\/svr-sun-secure-ecran-solaire-mineral-teinte-peaux-normales-a-mixtes-spf50\/","title":{"rendered":"SVR Sun Secure Ecran solaire min\u00e9ral teint\u00e9 peaux normales \u00e0 mixtes SPF50+"},"content":{"rendered":"","protected":false},"excerpt":{"rendered":"","protected":false},"featured_media":37924,"comment_status":"open","ping_status":"closed","template":"","meta":[],"product_brand":[888],"product_cat":[1451,1475],"product_tag":[],"class_list":{"0":"post-37925","1":"product","2":"type-product","3":"status-publish","4":"has-post-thumbnail","6":"product_brand-svr","7":"product_cat-anti-age","8":"product_cat-cremes-solaires","10":"first","11":"instock","12":"sale","13":"shipping-taxable","14":"purchasable","15":"product-type-simple"},"_links":{"self":[{"href":"https:\/\/paradesoliviers.com\/ar_ar\/wp-json\/wp\/v2\/product\/37925","targetHints":{"allow":["GET"]}}],"collection":[{"href":"https:\/\/paradesoliviers.com\/ar_ar\/wp-json\/wp\/v2\/product"}],"about":[{"href":"https:\/\/paradesoliviers.com\/ar_ar\/wp-json\/wp\/v2\/types\/product"}],"replies":[{"embeddable":true,"href":"https:\/\/paradesoliviers.com\/ar_ar\/wp-json\/wp\/v2\/comments?post=37925"}],"version-history":[{"count":1,"href":"https:\/\/paradesoliviers.com\/ar_ar\/wp-json\/wp\/v2\/product\/37925\/revisions"}],"predecessor-version":[{"id":40826,"href":"https:\/\/paradesoliviers.com\/ar_ar\/wp-json\/wp\/v2\/product\/37925\/revisions\/40826"}],"wp:featuredmedia":[{"embeddable":true,"href":"https:\/\/paradesoliviers.com\/ar_ar\/wp-json\/wp\/v2\/media\/37924"}],"wp:attachment":[{"href":"https:\/\/paradesoliviers.com\/ar_ar\/wp-json\/wp\/v2\/media?parent=37925"}],"wp:term":[{"taxonomy":"product_brand","embeddable":true,"href":"https:\/\/paradesoliviers.com\/ar_ar\/wp-json\/wp\/v2\/product_brand?post=37925"},{"taxonomy":"product_cat","embeddable":true,"href":"https:\/\/paradesoliviers.com\/ar_ar\/wp-json\/wp\/v2\/product_cat?post=37925"},{"taxonomy":"product_tag","embeddable":true,"href":"https:\/\/paradesoliviers.com\/ar_ar\/wp-json\/wp\/v2\/product_tag?post=37925"}],"curies":[{"name":"wp","href":"https:\/\/api.w.org\/{rel}","templated":true}]}}