{"id":4400,"date":"2021-10-12T15:51:09","date_gmt":"2021-10-12T15:51:09","guid":{"rendered":"http:\/\/dummy.xtemos.com\/woodmart2\/elementor\/?page_id=4400"},"modified":"2025-11-12T10:04:14","modified_gmt":"2025-11-12T10:04:14","slug":"a-propos","status":"publish","type":"page","link":"https:\/\/paradesoliviers.com\/ar_ar\/a-propos\/","title":{"rendered":"\u0646\u0628\u0630\u0629 \u0639\u0646\u0627"},"content":{"rendered":"<div data-elementor-type=\"wp-page\" data-elementor-id=\"4400\" class=\"elementor elementor-4400\">\n\t\t\t\t<div class=\"wd-negative-gap elementor-element elementor-element-7c7c544 e-flex e-con-boxed e-con e-parent\" data-id=\"7c7c544\" data-element_type=\"container\">\n\t\t\t\t\t<div class=\"e-con-inner\">\n\t\t<div class=\"elementor-element elementor-element-e7cb5cd e-con-full e-flex e-con e-child\" data-id=\"e7cb5cd\" data-element_type=\"container\">\n\t\t\t\t<div class=\"elementor-element elementor-element-56aec39 elementor-widget elementor-widget-wd_image_or_svg\" data-id=\"56aec39\" data-element_type=\"widget\" data-widget_type=\"wd_image_or_svg.default\">\n\t\t\t\t<div class=\"elementor-widget-container\">\n\t\t\t\t\t\n\t\t<div class=\"wd-image text-left\">\n\t\t\t\t\t\t\t\t<img loading=\"lazy\" decoding=\"async\" width=\"418\" height=\"626\" src=\"https:\/\/paradesoliviers.com\/wp-content\/uploads\/2025\/11\/telecharger.jpeg\" class=\"attachment-2048x2048 size-2048x2048\" alt=\"\" srcset=\"https:\/\/paradesoliviers.com\/wp-content\/uploads\/2025\/11\/telecharger.jpeg 418w, https:\/\/paradesoliviers.com\/wp-content\/uploads\/2025\/11\/telecharger-200x300.jpeg 200w, https:\/\/paradesoliviers.com\/wp-content\/uploads\/2025\/11\/telecharger-150x225.jpeg 150w\" sizes=\"auto, (max-width: 418px) 100vw, 418px\" \/>\t\t\t\t\t<\/div>\n\n\t\t\t\t\t\t<\/div>\n\t\t\t\t<\/div>\n\t\t\t\t<\/div>\n\t\t<div class=\"elementor-element elementor-element-97d6084 e-con-full e-flex e-con e-child\" data-id=\"97d6084\" data-element_type=\"container\">\n\t\t\t\t<div class=\"elementor-element elementor-element-98d830b wd-width-100 elementor-widget elementor-widget-wd_title\" data-id=\"98d830b\" data-element_type=\"widget\" data-widget_type=\"wd_title.default\">\n\t\t\t\t<div class=\"elementor-widget-container\">\n\t\t\t\t\t\t\t<div class=\"title-wrapper wd-set-mb reset-last-child wd-title-color-primary wd-title-style-default wd-title-size-large text-left\">\n\n\t\t\t\n\t\t\t<div class=\"liner-continer\">\n\t\t\t\t<h4 class=\"woodmart-title-container title wd-fontsize-xxl\">\u062d\u0648\u0644 \u0628\u0627\u0631\u0627\u062f\u064a\u0633 \u0623\u0648\u0644\u064a\u0641\u064a\u064a\u0647<\/h4> \n\t\t\t\t\t\t\t<\/div>\n\n\t\t\t\t\t<\/div>\n\t\t\t\t\t\t<\/div>\n\t\t\t\t<\/div>\n\t\t\t\t<div class=\"elementor-element elementor-element-66e47ad elementor-widget elementor-widget-wd_text_block\" data-id=\"66e47ad\" data-element_type=\"widget\" data-widget_type=\"wd_text_block.default\">\n\t\t\t\t<div class=\"elementor-widget-container\">\n\t\t\t\t\t\t\t<div class=\"wd-text-block reset-last-child text-left\">\n\t\t\t\n\t\t\t<p>\u0646\u062d\u0646 \u0635\u064a\u062f\u0644\u064a\u0651\u0627\u0646 \u0634\u063a\u0648\u0641\u0627\u0646 \u0628\u0639\u0644\u0645 \u0627\u0644\u0639\u0646\u0627\u064a\u0629 \u0628\u0627\u0644\u0628\u0634\u0631\u0629 \u0648\u0627\u0644\u0645\u0646\u062a\u062c\u0627\u062a \u0627\u0644\u062a\u062c\u0645\u064a\u0644\u064a\u0629\u060c \u0645\u062f\u0641\u0648\u0639\u0627\u0646 \u0628\u0631\u063a\u0628\u062a\u0646\u0627 \u0641\u064a \u0627\u0644\u0627\u0642\u062a\u0631\u0627\u0628 \u0645\u0646\u0643\u0645 \u0648\u062a\u0642\u062f\u064a\u0645 \u0645\u0631\u0627\u0641\u0642\u0629 \u0634\u062e\u0635\u064a\u0629 \u0644\u0643\u0645.\n\u0645\u0647\u0645\u0651\u062a\u0646\u0627 \u0647\u064a \u0625\u0631\u0634\u0627\u062f\u0643\u0645 \u0648\u062a\u0648\u062c\u064a\u0647\u0643\u0645 \u0641\u064a \u0627\u062e\u062a\u064a\u0627\u0631 \u0631\u0648\u062a\u064a\u0646 \u0627\u0644\u0639\u0646\u0627\u064a\u0629 \u0628\u0627\u0644\u0628\u0634\u0631\u0629 \u0627\u0644\u0645\u0646\u0627\u0633\u0628\u060c \u0645\u0646 \u062e\u0644\u0627\u0644 \u062a\u0642\u062f\u064a\u0645 \u062a\u0648\u0635\u064a\u0627\u062a \u062f\u0642\u064a\u0642\u0629 \u062a\u062a\u0644\u0627\u0621\u0645 \u0645\u0639 \u0627\u062d\u062a\u064a\u0627\u062c\u0627\u062a\u0643\u0645 \u0648\u0646\u0648\u0639 \u0628\u0634\u0631\u062a\u0643\u0645.<\/p><p>\u0647\u0630\u0627 \u0627\u0644\u0645\u0648\u0642\u0639 \u0627\u0644\u0625\u0644\u0643\u062a\u0631\u0648\u0646\u064a \u0647\u0648 \u0623\u0643\u062b\u0631 \u0645\u0646 \u0645\u062c\u0631\u062f \u0645\u0648\u0642\u0639 \u0625\u0644\u0643\u062a\u0631\u0648\u0646\u064a: \u0625\u0646\u0647 \u0637\u0641\u0644\u0646\u0627 \u0627\u0644\u0635\u063a\u064a\u0631\u060c \u0627\u0644\u0630\u064a \u0648\u0644\u062f \u0645\u0646 \u0634\u063a\u0641\u0646\u0627 \u0648\u0645\u0639\u0631\u0641\u062a\u0646\u0627 \u0648\u062c\u0647\u0648\u062f\u0646\u0627. \u0648\u0633\u0648\u0641 \u064a\u0646\u0645\u0648 \u0628\u0641\u0636\u0644\u0643\u0645\u060c \u0648\u0628\u0641\u0636\u0644 \u062b\u0642\u062a\u0643\u0645 \u0648\u0627\u0644\u062a\u0632\u0627\u0645\u0646\u0627 \u0628\u062a\u0642\u062f\u064a\u0645 \u0627\u0644\u0623\u0641\u0636\u0644 \u0644\u0643\u0645 \u062f\u0627\u0626\u0645\u0627\u064b.<\/p><p>\u0646\u0631\u064a\u062f \u0623\u0646 \u064a\u0643\u0648\u0646 \u0647\u0630\u0627 \u0627\u0644\u0641\u0636\u0627\u0621 \u062d\u0644\u064a\u0641\u064e\u0643\u0645 \u0627\u0644\u062c\u0645\u0627\u0644\u064a\u060c \u0648\u0645\u0643\u0627\u0646\u064b\u0627 \u0644\u0644\u062a\u0628\u0627\u062f\u0644 \u0648\u0627\u0644\u0646\u0635\u0627\u0626\u062d\u060c \u062d\u064a\u062b \u062a\u0645\u0651\u064e \u0627\u0644\u062a\u0641\u0643\u064a\u0631 \u0641\u064a \u0643\u0644 \u0645\u0646\u062a\u062c \u0648\u0643\u0644 \u062a\u0648\u0635\u064a\u0629 \u0628\u0639\u0646\u0627\u064a\u0629\u064d \u0645\u0646 \u0623\u062c\u0644\u0643\u0645\u060c\n\u0644\u064a\u064f\u0631\u0627\u0641\u0642\u0643\u0645 \u0641\u064a \u0631\u062d\u0644\u062a\u0643\u0645 \u0627\u0644\u062c\u0645\u0627\u0644\u064a\u0629\u060c \u0648\u064a\u064f\u0633\u0627\u0639\u062f\u0643\u0645 \u0639\u0644\u0649 \u062d\u0644\u0651 \u0645\u0634\u0627\u0643\u0644\u0643\u0645 \u0627\u0644\u062c\u0644\u062f\u064a\u0629\u060c \u0648\u064a\u064f\u0639\u0632\u0651\u0632 \u0625\u062d\u0633\u0627\u0633\u0643\u0645 \u0628\u0627\u0644\u0631\u0627\u062d\u0629 \u0648\u0627\u0644\u062c\u0645\u0627\u0644<\/p><p>\u0645\u0628\u062f\u0639\u0648\u0646\u060c \u0645\u064f\u0646\u0635\u062a\u0648\u0646\u060c \u0648\u0645\u062a\u0641\u0627\u0646\u0648\u0646 \u0641\u064a \u0639\u0645\u0644\u0646\u0627\u060c \u0646\u0636\u0639 \u062e\u0628\u0631\u062a\u064e\u0646\u0627 \u0627\u0644\u0635\u064a\u062f\u0644\u0627\u0646\u064a\u0629 \u0641\u064a \u062e\u062f\u0645\u0629 \u062c\u0645\u0627\u0644\u0643\u0645\u060c \u0648\u0646\u0633\u0639\u0649 \u0644\u0623\u0646 \u064a\u0643\u0648\u0646 \u0647\u0630\u0627 \u0627\u0644\u0645\u0648\u0642\u0639 \u0645\u0631\u062c\u0639\u064b\u0627 \u0631\u0627\u0626\u062f\u064b\u0627 \u0641\u064a \u0639\u0627\u0644\u0645 \u0627\u0644\u0639\u0646\u0627\u064a\u0629 \u0628\u0627\u0644\u0628\u0634\u0631\u0629 \u0648\u0627\u0644\u0645\u0646\u062a\u062c\u0627\u062a \u0627\u0644\u062a\u062c\u0645\u064a\u0644\u064a\u0629\u060c\n\u0648\u0642\u064a\u0627\u062f\u0629 \u062d\u0642\u064a\u0642\u064a\u0629 \u0645\u0643\u0631\u0651\u064e\u0633\u0629 \u0644\u062c\u0645\u0627\u0644\u0643\u0645 \u0648\u0631\u0641\u0627\u0647\u064a\u062a\u0643\u0645<\/p>\n\t\t\t\t\t<\/div>\n\t\t\t\t\t\t<\/div>\n\t\t\t\t<\/div>\n\t\t\t\t<\/div>\n\t\t\t\t\t<\/div>\n\t\t\t\t<\/div>\n\t\t<div class=\"wd-negative-gap elementor-element elementor-element-0aaf669 wd-section-stretch e-flex e-con-boxed e-con e-parent\" data-id=\"0aaf669\" data-element_type=\"container\" data-settings=\"{&quot;background_background&quot;:&quot;classic&quot;}\">\n\t\t\t\t\t<div class=\"e-con-inner\">\n\t\t<div class=\"elementor-element elementor-element-49529c7 color-scheme-light e-con-full e-flex e-con e-child\" data-id=\"49529c7\" data-element_type=\"container\">\n\t\t\t\t<div class=\"elementor-element elementor-element-95c7bfa wd-width-100 elementor-widget elementor-widget-wd_title\" data-id=\"95c7bfa\" data-element_type=\"widget\" data-widget_type=\"wd_title.default\">\n\t\t\t\t<div class=\"elementor-widget-container\">\n\t\t\t\t\t\t\t<div class=\"title-wrapper wd-set-mb reset-last-child wd-title-color-primary wd-title-style-default wd-title-size-large text-left\">\n\n\t\t\t\t\t\t\t\t\t\t\t<div class=\"title-subtitle subtitle-color-primary subtitle-style-default wd-fontsize-xs\">\n\t\t\t\t\t\u0627\u0644\u0635\u062d\u0629 \u0648\u0627\u0644\u062c\u0645\u0627\u0644 \u062f\u064a\u0627\u0644 \u0628\u0634\u0631\u062a\u0643 \u0642\u0631\u064a\u0628\u064a\u0646 \u0645\u0646\u0643\t\t\t\t<\/div>\n\t\t\t\n\t\t\t<div class=\"liner-continer\">\n\t\t\t\t<h4 class=\"woodmart-title-container title wd-fontsize-xxl\">\u0627\u0644\u0623\u0631\u0642\u0627\u0645 \u062f\u064a\u0627\u0644\u0646\u0627 \u0627\u0644\u0644\u064a \u0643\u064a\u062f\u064a\u0631\u0648 \u0627\u0644\u0641\u0631\u0642<\/h4> \n\t\t\t\t\t\t\t<\/div>\n\n\t\t\t\t\t<\/div>\n\t\t\t\t\t\t<\/div>\n\t\t\t\t<\/div>\n\t\t\t\t<\/div>\n\t\t<div class=\"elementor-element elementor-element-112f98a e-con-full e-flex e-con e-child\" data-id=\"112f98a\" data-element_type=\"container\">\n\t\t<div class=\"elementor-element elementor-element-48c7dd1 e-con-full e-flex e-con e-child\" data-id=\"48c7dd1\" data-element_type=\"container\">\n\t\t<div class=\"elementor-element elementor-element-54eb2d3 e-con-full e-flex e-con e-child\" data-id=\"54eb2d3\" data-element_type=\"container\">\n\t\t\t\t<div class=\"elementor-element elementor-element-14ff076 elementor-widget elementor-widget-wd_counter\" data-id=\"14ff076\" data-element_type=\"widget\" data-widget_type=\"wd_counter.default\">\n\t\t\t\t<div class=\"elementor-widget-container\">\n\t\t\t\t\t\t\t<div class=\"woodmart-counter counter-large text-center color-scheme-light\">\n\t\t\t<div class=\"counter-value\" data-state=\"new\" data-final=\"600\">\n\t\t\t\t0\t\t\t<\/div>\n\n\t\t\t\t\t\t\t<div class=\"counter-label\">\n\t\t\t\t\t\u0645\u0646\u062a\u0648\u062c \u062c\u0644\u062f\u064a \u0648\u062a\u062c\u0645\u064a\u0644 \u062e\u0627\u0635 \u0628\u0627\u0644\u0639\u0646\u0627\u064a\u0629 \u0628\u0627\u0644\u062c\u0633\u0645\t\t\t\t<\/div>\n\t\t\t\t\t<\/div>\n\t\t\t\t\t\t<\/div>\n\t\t\t\t<\/div>\n\t\t\t\t<\/div>\n\t\t<div class=\"elementor-element elementor-element-668ca24 e-con-full e-flex e-con e-child\" data-id=\"668ca24\" data-element_type=\"container\">\n\t\t\t\t<div class=\"elementor-element elementor-element-da35035 elementor-widget elementor-widget-wd_counter\" data-id=\"da35035\" data-element_type=\"widget\" data-widget_type=\"wd_counter.default\">\n\t\t\t\t<div class=\"elementor-widget-container\">\n\t\t\t\t\t\t\t<div class=\"woodmart-counter counter-large text-center color-scheme-light\">\n\t\t\t<div class=\"counter-value\" data-state=\"new\" data-final=\"200\">\n\t\t\t\t0\t\t\t<\/div>\n\n\t\t\t\t\t\t\t<div class=\"counter-label\">\n\t\t\t\t\t\u0645\u0627\u0631\u0643\u0629 \u0645\u0648\u062b\u0648\u0642\u0629 \u0645\u062e\u062a\u0627\u0631\u0629 \u0628\u0639\u0646\u0627\u064a\u0629 \u0645\u0646 \u0637\u0631\u0641 \u0627\u0644\u0635\u064a\u0627\u062f\u0644\u0629 \u062f\u064a\u0627\u0644\u0646\u0627\t\t\t\t<\/div>\n\t\t\t\t\t<\/div>\n\t\t\t\t\t\t<\/div>\n\t\t\t\t<\/div>\n\t\t\t\t<\/div>\n\t\t\t\t<\/div>\n\t\t<div class=\"elementor-element elementor-element-6b5c35a e-con-full e-flex e-con e-child\" data-id=\"6b5c35a\" data-element_type=\"container\">\n\t\t<div class=\"elementor-element elementor-element-214e692 e-con-full e-flex e-con e-child\" data-id=\"214e692\" data-element_type=\"container\">\n\t\t\t\t<div class=\"elementor-element elementor-element-168ddab elementor-widget elementor-widget-wd_counter\" data-id=\"168ddab\" data-element_type=\"widget\" data-widget_type=\"wd_counter.default\">\n\t\t\t\t<div class=\"elementor-widget-container\">\n\t\t\t\t\t\t\t<div class=\"woodmart-counter counter-large text-center color-scheme-light\">\n\t\t\t<div class=\"counter-value\" data-state=\"new\" data-final=\"900\">\n\t\t\t\t0\t\t\t<\/div>\n\n\t\t\t\t\t\t\t<div class=\"counter-label\">\n\t\t\t\t\t\u0632\u0628\u0648\u0646 \u0643\u0646\u0631\u0627\u0641\u0642\u0648\u0647 \u0643\u0644 \u0646\u0647\u0627\u0631 \u0628\u0646\u0635\u0627\u0626\u062d \u0634\u062e\u0635\u064a\u0629 \u0648\u0639\u0646\u0627\u064a\u0629 \u0645\u0633\u062a\u0645\u0631\u0629\t\t\t\t<\/div>\n\t\t\t\t\t<\/div>\n\t\t\t\t\t\t<\/div>\n\t\t\t\t<\/div>\n\t\t\t\t<\/div>\n\t\t<div class=\"elementor-element elementor-element-214de82 e-con-full e-flex e-con e-child\" data-id=\"214de82\" data-element_type=\"container\">\n\t\t\t\t<div class=\"elementor-element elementor-element-3444280 elementor-widget elementor-widget-wd_counter\" data-id=\"3444280\" data-element_type=\"widget\" data-widget_type=\"wd_counter.default\">\n\t\t\t\t<div class=\"elementor-widget-container\">\n\t\t\t\t\t\t\t<div class=\"woodmart-counter counter-large text-center color-scheme-light\">\n\t\t\t<div class=\"counter-value\" data-state=\"new\" data-final=\"10\">\n\t\t\t\t0\t\t\t<\/div>\n\n\t\t\t\t\t\t\t<div class=\"counter-label\">\n\t\t\t\t\t\u0633\u0646\u064a\u0646 \u062f\u064a\u0627\u0644 \u0627\u0644\u062e\u0628\u0631\u0629 \u0641\u0645\u062c\u0627\u0644 \u0627\u0644\u0639\u0646\u0627\u064a\u0629 \u0628\u0627\u0644\u0628\u0634\u0631\u0629 \u0648\u0627\u0644\u062c\u0645\u0627\u0644\t\t\t\t<\/div>\n\t\t\t\t\t<\/div>\n\t\t\t\t\t\t<\/div>\n\t\t\t\t<\/div>\n\t\t\t\t<\/div>\n\t\t\t\t<\/div>\n\t\t<div class=\"elementor-element elementor-element-2d29667 e-con-full e-flex e-con e-child\" data-id=\"2d29667\" data-element_type=\"container\">\n\t\t<div class=\"elementor-element elementor-element-9b12710 e-con-full e-flex e-con e-child\" data-id=\"9b12710\" data-element_type=\"container\">\n\t\t\t\t<div class=\"elementor-element elementor-element-f4d40e8 elementor-widget elementor-widget-wd_counter\" data-id=\"f4d40e8\" data-element_type=\"widget\" data-widget_type=\"wd_counter.default\">\n\t\t\t\t<div class=\"elementor-widget-container\">\n\t\t\t\t\t\t\t<div class=\"woodmart-counter counter-large text-center color-scheme-light\">\n\t\t\t<div class=\"counter-value\" data-state=\"new\" data-final=\"1100\">\n\t\t\t\t0\t\t\t<\/div>\n\n\t\t\t\t\t\t\t<div class=\"counter-label\">\n\t\t\t\t\t\u0637\u0644\u0628\u064a\u0629 \u062a\u0648\u0635\u0644\u0627\u062a \u0628\u0633\u0631\u0639\u0629 \u0648\u0645\u0639 \u062e\u062f\u0645\u0629 \u0645\u0636\u0645\u0648\u0646\u0629\t\t\t\t<\/div>\n\t\t\t\t\t<\/div>\n\t\t\t\t\t\t<\/div>\n\t\t\t\t<\/div>\n\t\t\t\t<\/div>\n\t\t<div class=\"elementor-element elementor-element-cc152f4 e-con-full e-flex e-con e-child\" data-id=\"cc152f4\" data-element_type=\"container\">\n\t\t\t\t<div class=\"elementor-element elementor-element-d17999d elementor-widget elementor-widget-wd_counter\" data-id=\"d17999d\" data-element_type=\"widget\" data-widget_type=\"wd_counter.default\">\n\t\t\t\t<div class=\"elementor-widget-container\">\n\t\t\t\t\t\t\t<div class=\"woodmart-counter counter-large text-center color-scheme-light\">\n\t\t\t<div class=\"counter-value\" data-state=\"new\" data-final=\"15\">\n\t\t\t\t0\t\t\t<\/div>\n\n\t\t\t\t\t\t\t<div class=\"counter-label\">\n\t\t\t\t\t\u0634\u0631\u064a\u0643 \u0635\u064a\u062f\u0644\u064a \u0648\u0645\u062e\u062a\u0628\u0631 \u0645\u0648\u062b\u0648\u0642 \u0648\u0645\u0639\u062a\u0645\u062f\t\t\t\t<\/div>\n\t\t\t\t\t<\/div>\n\t\t\t\t\t\t<\/div>\n\t\t\t\t<\/div>\n\t\t\t\t<\/div>\n\t\t\t\t<\/div>\n\t\t\t\t<\/div>\n\t\t\t\t\t<\/div>\n\t\t\t\t<\/div>\n\t\t\t\t<\/div>","protected":false},"excerpt":{"rendered":"<p>\u00c0 propos de ParaDesOliviers Nous sommes deux pharmaciens passionn\u00e9s par la dermocosm\u00e9tique, anim\u00e9s par l\u2019envie de nous rapprocher de vous<\/p>","protected":false},"author":1,"featured_media":0,"parent":0,"menu_order":0,"comment_status":"closed","ping_status":"closed","template":"","meta":{"footnotes":""},"class_list":["post-4400","page","type-page","status-publish","hentry"],"_hostinger_reach_plugin_has_subscription_block":false,"_hostinger_reach_plugin_is_elementor":false,"_links":{"self":[{"href":"https:\/\/paradesoliviers.com\/ar_ar\/wp-json\/wp\/v2\/pages\/4400","targetHints":{"allow":["GET"]}}],"collection":[{"href":"https:\/\/paradesoliviers.com\/ar_ar\/wp-json\/wp\/v2\/pages"}],"about":[{"href":"https:\/\/paradesoliviers.com\/ar_ar\/wp-json\/wp\/v2\/types\/page"}],"author":[{"embeddable":true,"href":"https:\/\/paradesoliviers.com\/ar_ar\/wp-json\/wp\/v2\/users\/1"}],"replies":[{"embeddable":true,"href":"https:\/\/paradesoliviers.com\/ar_ar\/wp-json\/wp\/v2\/comments?post=4400"}],"version-history":[{"count":25,"href":"https:\/\/paradesoliviers.com\/ar_ar\/wp-json\/wp\/v2\/pages\/4400\/revisions"}],"predecessor-version":[{"id":29429,"href":"https:\/\/paradesoliviers.com\/ar_ar\/wp-json\/wp\/v2\/pages\/4400\/revisions\/29429"}],"wp:attachment":[{"href":"https:\/\/paradesoliviers.com\/ar_ar\/wp-json\/wp\/v2\/media?parent=4400"}],"curies":[{"name":"wp","href":"https:\/\/api.w.org\/{rel}","templated":true}]}}